{"id":12238,"date":"2026-04-29T14:13:23","date_gmt":"2026-04-29T14:13:23","guid":{"rendered":"https:\/\/piscinor.com\/?post_type=product&#038;p=12238"},"modified":"2026-04-29T14:13:23","modified_gmt":"2026-04-29T14:13:23","slug":"beatbot-sora-p1","status":"publish","type":"product","link":"https:\/\/piscinor.com\/en\/beatbot-sora-p1\/","title":{"rendered":"Beatbot Sora P1"},"content":{"rendered":"<ul class=\"warranty-features-list__items\" data-initial-show=\"3\">\n<li class=\"warranty-features-list__item\" data-index=\"1\">Limpieza en 3 Zonas y en Aguas Poco Profundas: Limpia el suelo, las paredes y la l\u00ednea de agua con limpieza en aguas poco profundas hasta 12 pulgadas. Ideal para plataformas de bronceado y estantes de sol donde otros robots fallan.<\/li>\n<li class=\"warranty-features-list__item\" data-index=\"2\">Inmensa Potencia de Succi\u00f3n de 25,700 LPH: La Estructura HydroBalance\u00ae proporciona 6,800 GPH de succi\u00f3n. Este limpiador de piscina de alto rendimiento captura hojas grandes, arena pesada y desechos sin obstrucciones para una limpieza de calidad profesional.<\/li>\n<li class=\"warranty-features-list__item\" data-index=\"3\">Limpieza Intensiva de Paredes y L\u00ednea de Agua: Este robot limpiador de piscina cuenta con cepillos de rodillo frontales duales para una mejor tracci\u00f3n en paredes verticales. Frota intensamente para eliminar manchas persistentes de la l\u00ednea de agua y diversas superficies de la piscina.<\/li>\n<li class=\"warranty-features-list__item\" data-index=\"4\">Estacionamiento Inteligente en la L\u00ednea de Agua: Regresa y se estaciona autom\u00e1ticamente en la l\u00ednea de agua despu\u00e9s de limpiar, permaneciendo en posici\u00f3n durante 10 minutos. Recuperaci\u00f3n sin esfuerzo: no es necesario levantarlo ni sacarlo.<\/li>\n<li class=\"warranty-features-list__item\" data-index=\"5\">Capacidad de Desechos de 5L y Filtraci\u00f3n Profesional: La cesta extra grande de 5L puede contener hasta 650 hojas, minimizando la frecuencia de vaciado. Cuenta con un filtro de 150 \u00b5m para desechos diarios y admite un filtro ultra fino de 3 \u00b5m (se vende por separado) para part\u00edculas microsc\u00f3picas.<\/li>\n<li class=\"warranty-features-list__item\" data-index=\"6\">Hasta 300 Minutos de Limpieza de Suelo: Una potente bater\u00eda de 7800mAh limpia grandes piscinas en una sola sesi\u00f3n, cubriendo hasta 240\u33a1 por carga.<\/li>\n<\/ul>","protected":false},"excerpt":{"rendered":"<ul class=\"warranty-features-list__items\" data-initial-show=\"3\">\n<li class=\"warranty-features-list__item\" data-index=\"1\">Limpieza en 3 Zonas y en Aguas Poco Profundas: Limpia el suelo, las paredes y la l\u00ednea de agua con limpieza en aguas poco profundas hasta 12 pulgadas. Ideal para plataformas de bronceado y estantes de sol donde otros robots fallan.<\/li>\n<li class=\"warranty-features-list__item\" data-index=\"2\">Inmensa Potencia de Succi\u00f3n de 25,700 LPH: La Estructura HydroBalance\u00ae proporciona 6,800 GPH de succi\u00f3n. Este limpiador de piscina de alto rendimiento captura hojas grandes, arena pesada y desechos sin obstrucciones para una limpieza de calidad profesional.<\/li>\n<li class=\"warranty-features-list__item\" data-index=\"3\">Limpieza Intensiva de Paredes y L\u00ednea de Agua: Este robot limpiador de piscina cuenta con cepillos de rodillo frontales duales para una mejor tracci\u00f3n en paredes verticales. Frota intensamente para eliminar manchas persistentes de la l\u00ednea de agua y diversas superficies de la piscina.<\/li>\n<li class=\"warranty-features-list__item\" data-index=\"4\">Estacionamiento Inteligente en la L\u00ednea de Agua: Regresa y se estaciona autom\u00e1ticamente en la l\u00ednea de agua despu\u00e9s de limpiar, permaneciendo en posici\u00f3n durante 10 minutos. Recuperaci\u00f3n sin esfuerzo: no es necesario levantarlo ni sacarlo.<\/li>\n<li class=\"warranty-features-list__item\" data-index=\"5\">Capacidad de Desechos de 5L y Filtraci\u00f3n Profesional: La cesta extra grande de 5L puede contener hasta 650 hojas, minimizando la frecuencia de vaciado. Cuenta con un filtro de 150 \u00b5m para desechos diarios y admite un filtro ultra fino de 3 \u00b5m (se vende por separado) para part\u00edculas microsc\u00f3picas.<\/li>\n<li class=\"warranty-features-list__item\" data-index=\"6\">Hasta 300 Minutos de Limpieza de Suelo: Una potente bater\u00eda de 7800mAh limpia grandes piscinas en una sola sesi\u00f3n, cubriendo hasta 240\u33a1 por carga.<\/li>\n<\/ul>","protected":false},"featured_media":12239,"comment_status":"open","ping_status":"closed","template":"","meta":[],"product_cat":[49],"product_tag":[],"class_list":["post-12238","product","type-product","status-publish","has-post-thumbnail","hentry","product_cat-robots","product_brand-qp"],"_links":{"self":[{"href":"https:\/\/piscinor.com\/en\/wp-json\/wp\/v2\/product\/12238","targetHints":{"allow":["GET"]}}],"collection":[{"href":"https:\/\/piscinor.com\/en\/wp-json\/wp\/v2\/product"}],"about":[{"href":"https:\/\/piscinor.com\/en\/wp-json\/wp\/v2\/types\/product"}],"replies":[{"embeddable":true,"href":"https:\/\/piscinor.com\/en\/wp-json\/wp\/v2\/comments?post=12238"}],"wp:featuredmedia":[{"embeddable":true,"href":"https:\/\/piscinor.com\/en\/wp-json\/wp\/v2\/media\/12239"}],"wp:attachment":[{"href":"https:\/\/piscinor.com\/en\/wp-json\/wp\/v2\/media?parent=12238"}],"wp:term":[{"taxonomy":"product_cat","embeddable":true,"href":"https:\/\/piscinor.com\/en\/wp-json\/wp\/v2\/product_cat?post=12238"},{"taxonomy":"product_tag","embeddable":true,"href":"https:\/\/piscinor.com\/en\/wp-json\/wp\/v2\/product_tag?post=12238"}],"curies":[{"name":"wp","href":"https:\/\/api.w.org\/{rel}","templated":true}]}}