{"id":12240,"date":"2026-04-29T14:18:04","date_gmt":"2026-04-29T14:18:04","guid":{"rendered":"https:\/\/piscinor.com\/?post_type=product&#038;p=12240"},"modified":"2026-04-29T14:18:04","modified_gmt":"2026-04-29T14:18:04","slug":"zodiac-freedom-lite","status":"publish","type":"product","link":"https:\/\/piscinor.com\/en\/zodiac-freedom-lite\/","title":{"rendered":"Zodiac Freedom Lite"},"content":{"rendered":"<p><button id=\"header-1\" class=\"cmp-pdp__accordion-header cmp-pdp__description-title fluidra-h3-bold\" aria-expanded=\"true\" aria-controls=\"content-1\">Informaci\u00f3n del producto<\/button><\/p>\n<div id=\"content-1\" class=\"cmp-pdp__accordion-content\" role=\"region\" aria-labelledby=\"header-1\">\n<div>\n<p class=\"cmp-pdp__description-specs-text fluidra-base-regular\">Caracter\u00edsticas del producto<\/p>\n<p class=\"cmp-pdp__description-specs-text fluidra-base-regular\">1. Limpieza inteligente, filtraci\u00f3n profunda, visibilidad clara<\/p>\n<p class=\"cmp-pdp__description-specs-text fluidra-base-regular\">\u00b7 Limpia fondo, paredes y l\u00ednea de flotaci\u00f3n con bater\u00eda de Litio-Ion de alto rendimiento y hasta3h de autonom\u00eda<\/p>\n<p class=\"cmp-pdp__description-specs-text fluidra-base-regular\">\u00b7 Gesti\u00f3n de obst\u00e1culos gracias a los sensores<\/p>\n<p class=\"cmp-pdp__description-specs-text fluidra-base-regular\">\u00b7 Doble motor de tracci\u00f3n y cepillos para una navegaci\u00f3n fluida<\/p>\n<p class=\"cmp-pdp__description-specs-text fluidra-base-regular\">\u00b7 Cepillos delantero y trasero combinados con filtraci\u00f3n de doble nivel de 4L (3 \u03bc \/ 180 \u03bc) para eliminar todo tipo de residuos<\/p>\n<p class=\"cmp-pdp__description-specs-text fluidra-base-regular\">\u00b7 Trayectoria de limpieza inteligente con sensores integrados para una cobertura optimizada de la piscina<\/p>\n<p class=\"cmp-pdp__description-specs-text fluidra-base-regular\">2. Control sencillo para total tranquilidad<\/p>\n<p class=\"cmp-pdp__description-specs-text fluidra-base-regular\">\u00b7 Ligero (&lt;8 kg) y f\u00e1cil de manipular<\/p>\n<p class=\"cmp-pdp__description-specs-text fluidra-base-regular\">\u00b7 Libertad total de movimiento sin cable: transporte sencillo, mantenimiento f\u00e1cil<\/p>\n<p class=\"cmp-pdp__description-specs-text fluidra-base-regular\">\u00b7 5 modos de limpieza, incluida la programaci\u00f3n multi-d\u00eda para una semana de tranquilidad con duraci\u00f3n y frecuencia personalizables<\/p>\n<p class=\"cmp-pdp__description-specs-text fluidra-base-regular\">\u00b7 Control mediante la aplicaci\u00f3n Fluidra Pool v\u00eda Wi-Fi<\/p>\n<p class=\"cmp-pdp__description-specs-text fluidra-base-regular\">\u00b7 Revisi\u00f3n sencilla del filtro gracias a la ventana transparente<\/p>\n<p class=\"cmp-pdp__description-specs-text fluidra-base-regular\">\u00b7 Carga r\u00e1pida en 4h<\/p>\n<p class=\"cmp-pdp__description-specs-text fluidra-base-regular\">3. \u00c1gil por dise\u00f1o y adaptado a cualquier piscina<\/p>\n<p class=\"cmp-pdp__description-specs-text fluidra-base-regular\">\u00b7 Compatible con piscinas de hasta 15 m<\/p>\n<p class=\"cmp-pdp__description-specs-text fluidra-base-regular\">\u00b7 Agilidad integrada: se adapta a todo tipo de piscinas (superficie, perfil del fondo, forma; en algunos casos puede ser necesario un accesorio incluido o un ajuste espec\u00edfico en la aplicaci\u00f3n)<\/p>\n<p class=\"cmp-pdp__description-specs-text fluidra-base-regular\">\u00b7 Los sensores inteligentes (giroscopio y TOF) garantizan un patr\u00f3n de limpieza en \u201cS\u201d optimizado del fondo y una limpieza horizontal de la l\u00ednea de flotaci\u00f3n (Hall).<\/p>\n<\/div>\n<\/div>","protected":false},"excerpt":{"rendered":"<p><button id=\"header-1\" class=\"cmp-pdp__accordion-header cmp-pdp__description-title fluidra-h3-bold\" aria-expanded=\"true\" aria-controls=\"content-1\">Informaci\u00f3n del producto<\/button><\/p>\n<div id=\"content-1\" class=\"cmp-pdp__accordion-content\" role=\"region\" aria-labelledby=\"header-1\">\n<div>\n<p class=\"cmp-pdp__description-specs-text fluidra-base-regular\">Caracter\u00edsticas del producto<\/p>\n<p class=\"cmp-pdp__description-specs-text fluidra-base-regular\">1. Limpieza inteligente, filtraci\u00f3n profunda, visibilidad clara<\/p>\n<p class=\"cmp-pdp__description-specs-text fluidra-base-regular\">\u00b7 Limpia fondo, paredes y l\u00ednea de flotaci\u00f3n con bater\u00eda de Litio-Ion de alto rendimiento y hasta3h de autonom\u00eda<\/p>\n<p class=\"cmp-pdp__description-specs-text fluidra-base-regular\">\u00b7 Gesti\u00f3n de obst\u00e1culos gracias a los sensores<\/p>\n<p class=\"cmp-pdp__description-specs-text fluidra-base-regular\">\u00b7 Doble motor de tracci\u00f3n y cepillos para una navegaci\u00f3n fluida<\/p>\n<p class=\"cmp-pdp__description-specs-text fluidra-base-regular\">\u00b7 Cepillos delantero y trasero combinados con filtraci\u00f3n de doble nivel de 4L (3 \u03bc \/ 180 \u03bc) para eliminar todo tipo de residuos<\/p>\n<p class=\"cmp-pdp__description-specs-text fluidra-base-regular\">\u00b7 Trayectoria de limpieza inteligente con sensores integrados para una cobertura optimizada de la piscina<\/p>\n<p class=\"cmp-pdp__description-specs-text fluidra-base-regular\">2. Control sencillo para total tranquilidad<\/p>\n<p class=\"cmp-pdp__description-specs-text fluidra-base-regular\">\u00b7 Ligero (&lt;8 kg) y f\u00e1cil de manipular<\/p>\n<p class=\"cmp-pdp__description-specs-text fluidra-base-regular\">\u00b7 Libertad total de movimiento sin cable: transporte sencillo, mantenimiento f\u00e1cil<\/p>\n<p class=\"cmp-pdp__description-specs-text fluidra-base-regular\">\u00b7 5 modos de limpieza, incluida la programaci\u00f3n multi-d\u00eda para una semana de tranquilidad con duraci\u00f3n y frecuencia personalizables<\/p>\n<p class=\"cmp-pdp__description-specs-text fluidra-base-regular\">\u00b7 Control mediante la aplicaci\u00f3n Fluidra Pool v\u00eda Wi-Fi<\/p>\n<p class=\"cmp-pdp__description-specs-text fluidra-base-regular\">\u00b7 Revisi\u00f3n sencilla del filtro gracias a la ventana transparente<\/p>\n<p class=\"cmp-pdp__description-specs-text fluidra-base-regular\">\u00b7 Carga r\u00e1pida en 4h<\/p>\n<p class=\"cmp-pdp__description-specs-text fluidra-base-regular\">3. \u00c1gil por dise\u00f1o y adaptado a cualquier piscina<\/p>\n<p class=\"cmp-pdp__description-specs-text fluidra-base-regular\">\u00b7 Compatible con piscinas de hasta 15 m<\/p>\n<p class=\"cmp-pdp__description-specs-text fluidra-base-regular\">\u00b7 Agilidad integrada: se adapta a todo tipo de piscinas (superficie, perfil del fondo, forma; en algunos casos puede ser necesario un accesorio incluido o un ajuste espec\u00edfico en la aplicaci\u00f3n)<\/p>\n<p class=\"cmp-pdp__description-specs-text fluidra-base-regular\">\u00b7 Los sensores inteligentes (giroscopio y TOF) garantizan un patr\u00f3n de limpieza en \u201cS\u201d optimizado del fondo y una limpieza horizontal de la l\u00ednea de flotaci\u00f3n (Hall).<\/p>\n<\/div>\n<\/div>","protected":false},"featured_media":12241,"comment_status":"open","ping_status":"closed","template":"","meta":[],"product_cat":[49],"product_tag":[],"class_list":["post-12240","product","type-product","status-publish","has-post-thumbnail","hentry","product_cat-robots","product_brand-zodiac","product_brand-fluidra"],"_links":{"self":[{"href":"https:\/\/piscinor.com\/en\/wp-json\/wp\/v2\/product\/12240","targetHints":{"allow":["GET"]}}],"collection":[{"href":"https:\/\/piscinor.com\/en\/wp-json\/wp\/v2\/product"}],"about":[{"href":"https:\/\/piscinor.com\/en\/wp-json\/wp\/v2\/types\/product"}],"replies":[{"embeddable":true,"href":"https:\/\/piscinor.com\/en\/wp-json\/wp\/v2\/comments?post=12240"}],"wp:featuredmedia":[{"embeddable":true,"href":"https:\/\/piscinor.com\/en\/wp-json\/wp\/v2\/media\/12241"}],"wp:attachment":[{"href":"https:\/\/piscinor.com\/en\/wp-json\/wp\/v2\/media?parent=12240"}],"wp:term":[{"taxonomy":"product_cat","embeddable":true,"href":"https:\/\/piscinor.com\/en\/wp-json\/wp\/v2\/product_cat?post=12240"},{"taxonomy":"product_tag","embeddable":true,"href":"https:\/\/piscinor.com\/en\/wp-json\/wp\/v2\/product_tag?post=12240"}],"curies":[{"name":"wp","href":"https:\/\/api.w.org\/{rel}","templated":true}]}}